{"id":17896,"date":"2026-03-05T13:21:37","date_gmt":"2026-03-05T12:21:37","guid":{"rendered":"https:\/\/eurocontainerslf.com\/?post_type=product&#038;p=17896"},"modified":"2026-03-05T13:23:17","modified_gmt":"2026-03-05T12:23:17","slug":"impianti-scarrabili-in-pronta-consegna","status":"publish","type":"product","link":"https:\/\/eurocontainerslf.com\/de\/produkt\/impianti-scarrabili-in-pronta-consegna\/","title":{"rendered":"Lieferfertige Hakenliftsysteme"},"content":{"rendered":"<p>Wir haben Hakenliftger\u00e4te zur sofortigen Lieferung verf\u00fcgbar, ausw\u00e4hlbar von den besten Herstellern.<\/p>\n<p>Hauptmerkmale:<\/p>\n<ul>\n<li>\u00dcbersetzungshaken oder Gelenkhaken;<\/li>\n<li>Anpassbare Tragf\u00e4higkeit und Tragl\u00e4nge;<\/li>\n<li>Anpassbare Ger\u00e4testeuerungen;<\/li>\n<li>M\u00f6glichkeit zur Installation einer Funkfernsteuerung;<\/li>\n<li>Hintere Stabilisatorrolle;<\/li>\n<li>M\u00f6glichkeit eines zus\u00e4tzlichen Elements zur Steuerung weiterer Verwendungszwecke;<\/li>\n<li>M\u00f6glichkeit zum Einbau eines Paares ADR-Bremss\u00e4ttel an der Vorderachse;<\/li>\n<li>Kit 4.0 auf Anfrage<\/li>\n<\/ul>\n<p>Wir erstellen individuelle Setups f\u00fcr alle Fahrzeuge der f\u00fchrenden Hersteller auf dem Markt.<\/p>","protected":false},"excerpt":{"rendered":"<p>Disponiamo di attrezzature scarrabili in pronta consegna selezionabili tra i migliori produttori. Caratteristiche principali: Gancio traslante o articolato; Capacit\u00e0 di sollevamento e lunghezza di incarramento personalizzabili; Comandi attrezzatura personalizzabili; Possibilit\u00e0 installazione radiocomando; Rullo stabilizzatore posteriore; Possibilit\u00e0 di elemento aggiuntivo per comando utilizzi supplementari; Possibilit\u00e0 di aggiunta coppia di pinze anteriori ADR; Kit 4.0 su richiesta Realizziamo allestimenti su misura di tutti i veicoli dei principali&#8230; <\/p>\n<p class=\"more\"><a class=\"more-link\" href=\"https:\/\/eurocontainerslf.com\/de\/produkt\/impianti-scarrabili-in-pronta-consegna\/\">Read More<\/a><\/p>","protected":false},"featured_media":17910,"template":"","meta":{"inline_featured_image":false},"product_brand":[],"product_cat":[241,240],"product_tag":[],"class_list":{"0":"post-17896","1":"product","2":"type-product","3":"status-publish","4":"has-post-thumbnail","6":"product_cat-nuovo","7":"product_cat-pronta-consegna","8":"hentry","10":"first","11":"instock","12":"shipping-taxable","13":"product-type-simple"},"_links":{"self":[{"href":"https:\/\/eurocontainerslf.com\/de\/wp-json\/wp\/v2\/product\/17896","targetHints":{"allow":["GET"]}}],"collection":[{"href":"https:\/\/eurocontainerslf.com\/de\/wp-json\/wp\/v2\/product"}],"about":[{"href":"https:\/\/eurocontainerslf.com\/de\/wp-json\/wp\/v2\/types\/product"}],"wp:featuredmedia":[{"embeddable":true,"href":"https:\/\/eurocontainerslf.com\/de\/wp-json\/wp\/v2\/media\/17910"}],"wp:attachment":[{"href":"https:\/\/eurocontainerslf.com\/de\/wp-json\/wp\/v2\/media?parent=17896"}],"wp:term":[{"taxonomy":"product_brand","embeddable":true,"href":"https:\/\/eurocontainerslf.com\/de\/wp-json\/wp\/v2\/product_brand?post=17896"},{"taxonomy":"product_cat","embeddable":true,"href":"https:\/\/eurocontainerslf.com\/de\/wp-json\/wp\/v2\/product_cat?post=17896"},{"taxonomy":"product_tag","embeddable":true,"href":"https:\/\/eurocontainerslf.com\/de\/wp-json\/wp\/v2\/product_tag?post=17896"}],"curies":[{"name":"wp","href":"https:\/\/api.w.org\/{rel}","templated":true}]}}