{"id":17741,"date":"2026-02-27T10:09:12","date_gmt":"2026-02-27T09:09:12","guid":{"rendered":"https:\/\/eurocontainerslf.com\/?post_type=product&#038;p=17741"},"modified":"2026-03-30T10:36:58","modified_gmt":"2026-03-30T08:36:58","slug":"rimorchio-2-assi-curvo-per-trasporto-carrozzerie-scarrabili","status":"publish","type":"product","link":"https:\/\/eurocontainerslf.com\/de\/produkt\/rimorchio-2-assi-curvo-per-trasporto-carrozzerie-scarrabili\/","title":{"rendered":"Gebogener 2-Achs-Anh\u00e4nger f\u00fcr den Transport von Wechselbr\u00fccken"},"content":{"rendered":"<h1><strong>2-achsiger Kurvenanh\u00e4nger.<\/strong><\/h1>\n<h3>Ausger\u00fcstet zum Blockieren und Transportieren von Wechselbr\u00fccken<br \/>\nDie angebotene neue Generation von Anh\u00e4ngern zeichnet sich dadurch aus, dass der Container in Transportposition innerhalb des Rahmens auf Quertr\u00e4gern mit verschlei\u00dffesten Stahlgleitern untergebracht ist, um im Vergleich zu Standardrahmen eine h\u00f6here Stabilit\u00e4t zu gew\u00e4hrleisten.<\/h3>\n<p>Die gebogene Form des 2-achsigen Anh\u00e4ngers erm\u00f6glicht eine Absenkung der hinteren Ladeschwelle und erleichtert so den Ladevorgang.<\/p>\n<p>Die Lastfixierung wird durch 4 innenliegende, vollpneumatisch bet\u00e4tigte Klemmen gew\u00e4hrleistet, die mit zus\u00e4tzlichen mechanischen Sicherheitsvorkehrungen, speziellen Endschaltern und LED-Kontrollleuchten zur sicheren \u00dcberpr\u00fcfung des korrekten Einsetzens ausgestattet sind.<\/p>\n<p>LOCATELLI-Anh\u00e4nger sind in hohem Ma\u00dfe anpassbar, um den technischen Bed\u00fcrfnissen des Kunden vollumf\u00e4nglich gerecht zu werden, wodurch diese Hakenliftger\u00e4te f\u00fcr jede Situation extrem vielseitig einsetzbar sind.<\/p>\n<p><strong>AUSR\u00dcSTUNG<\/strong><\/p>\n<ul>\n<li>10-Tonnen-ROR\/SAF-Achsen mit Scheibenbremsen<\/li>\n<li>Luftfederung<\/li>\n<li>H\u00f6henverstellventil f\u00fcr die Ladeplattform mit Doppelgriff<\/li>\n<li>1800 mm Zugstange mit Silentblock und \u00d6se f\u00fcr automatische Klingel \u00d850<\/li>\n<li>EBS 4S\/3M+RSS \u00dcberschlagschutzsystem<\/li>\n<li>Stabilisatorstange Nr. 1<\/li>\n<li>Innenliegende pneumatische Bremss\u00e4ttel mit verschlei\u00dffesten Stahlst\u00fctzplatten<\/li>\n<li>Lichtsignal zur korrekten Schlie\u00dfung der Zange<\/li>\n<li>Verschlei\u00dffester Stahlwagen mit 8 auf Lagern montierten Rollen und selbstausrichtenden F\u00fchrungen<\/li>\n<li>Pneumatische Wagenverriegelung<\/li>\n<li>Manuelles Schloss f\u00fcr Beh\u00e4lter unterschiedlicher Gr\u00f6\u00dfen<\/li>\n<li>24-V-geschirmtes elektrisches System f\u00fcr ADR.<\/li>\n<li>ADR-Ausr\u00fcstung auf Anfrage<\/li>\n<li>LED-Positionsleuchten<\/li>\n<li>Hecksto\u00dfstange<\/li>\n<li>Aluminium-Lufttank<\/li>\n<li>Keilhalter mit Keilen<\/li>\n<li>Halterung f\u00fcr Reserverad mit Seilwinde.<\/li>\n<li>Datenaustausch mit dem Traktor auf Anfrage m\u00f6glich.<\/li>\n<\/ul>\n<p><iframe title=\"Locatelli Eurocontainers \u2013 NEUER gebogener Anh\u00e4nger\" width=\"710\" height=\"399\" src=\"https:\/\/www.youtube.com\/embed\/zapCjSkmH1A?feature=oembed\" frameborder=\"0\" allow=\"accelerometer; autoplay; clipboard-write; encrypted-media; gyroscope; picture-in-picture; web-share\" referrerpolicy=\"strict-origin-when-cross-origin\" allowfullscreen><\/iframe><\/p>\n<p>&nbsp;<\/p>","protected":false},"excerpt":{"rendered":"<p>Rimorchio curvo 2 assi. Allestito per blocco e trasporto carrozzerie scarrabili La nuova generazione di rimorchi proposti \u00e8 caratterizzata dall\u2019alloggiamento del container in posizione di trasporto all\u2019interno del telaio, su traverse dotate di saponette in acciaio antiusura, al fine di garantire una stabilit\u00e0 maggiore rispetto ai telai standard. La sagoma inarcata del rimorchio 2 assi\u00a0 permetta di poter abbassare la soglia posteriore di carico e&#8230; <\/p>\n<p class=\"more\"><a class=\"more-link\" href=\"https:\/\/eurocontainerslf.com\/de\/produkt\/rimorchio-2-assi-curvo-per-trasporto-carrozzerie-scarrabili\/\">Read More<\/a><\/p>","protected":false},"featured_media":13024,"template":"","meta":{"inline_featured_image":false},"product_brand":[],"product_cat":[241,245],"product_tag":[],"class_list":{"0":"post-17741","1":"product","2":"type-product","3":"status-publish","4":"has-post-thumbnail","6":"product_cat-nuovo","7":"product_cat-rimorchi-curvi-prodotti","8":"hentry","10":"first","11":"instock","12":"shipping-taxable","13":"product-type-simple"},"_links":{"self":[{"href":"https:\/\/eurocontainerslf.com\/de\/wp-json\/wp\/v2\/product\/17741","targetHints":{"allow":["GET"]}}],"collection":[{"href":"https:\/\/eurocontainerslf.com\/de\/wp-json\/wp\/v2\/product"}],"about":[{"href":"https:\/\/eurocontainerslf.com\/de\/wp-json\/wp\/v2\/types\/product"}],"wp:featuredmedia":[{"embeddable":true,"href":"https:\/\/eurocontainerslf.com\/de\/wp-json\/wp\/v2\/media\/13024"}],"wp:attachment":[{"href":"https:\/\/eurocontainerslf.com\/de\/wp-json\/wp\/v2\/media?parent=17741"}],"wp:term":[{"taxonomy":"product_brand","embeddable":true,"href":"https:\/\/eurocontainerslf.com\/de\/wp-json\/wp\/v2\/product_brand?post=17741"},{"taxonomy":"product_cat","embeddable":true,"href":"https:\/\/eurocontainerslf.com\/de\/wp-json\/wp\/v2\/product_cat?post=17741"},{"taxonomy":"product_tag","embeddable":true,"href":"https:\/\/eurocontainerslf.com\/de\/wp-json\/wp\/v2\/product_tag?post=17741"}],"curies":[{"name":"wp","href":"https:\/\/api.w.org\/{rel}","templated":true}]}}