{"id":17739,"date":"2026-02-27T10:09:12","date_gmt":"2026-02-27T09:09:12","guid":{"rendered":"https:\/\/eurocontainerslf.com\/?post_type=product&#038;p=17739"},"modified":"2026-04-09T13:58:24","modified_gmt":"2026-04-09T11:58:24","slug":"sella-porta-container-iso-13-s","status":"publish","type":"product","link":"https:\/\/eurocontainerslf.com\/de\/produkt\/sella-porta-container-iso-13-s\/","title":{"rendered":"Sella Beh\u00e4lterhalter ISO 13 S"},"content":{"rendered":"<p>Hakenlift geeignet f\u00fcr den Transport von 30-Fu\u00df-ISO-Containern.<\/p>\n<p>Dieses Produkt bietet den Vorteil, dass ein LKW mit Hakenliftsystem auch zum Umschlag von Marinecontainern eingesetzt werden kann.<\/p>","protected":false},"excerpt":{"rendered":"<p>Sella scarrabile atta al trasporto di container ISO 30 piedi. Tal prodotto ha il vantaggio di adibire un camion con impianto scarrabile anche alla movimentazione di container navali.<\/p>","protected":false},"featured_media":13008,"template":"","meta":{"inline_featured_image":false},"product_brand":[],"product_cat":[229,243],"product_tag":[24],"class_list":{"0":"post-17739","1":"product","2":"type-product","3":"status-publish","4":"has-post-thumbnail","6":"product_cat-attrezzature-speciali-e-su-misura-prodotti","7":"product_cat-selle-prodotti","8":"product_tag-offers","9":"hentry","11":"first","12":"instock","13":"shipping-taxable","14":"product-type-simple"},"_links":{"self":[{"href":"https:\/\/eurocontainerslf.com\/de\/wp-json\/wp\/v2\/product\/17739","targetHints":{"allow":["GET"]}}],"collection":[{"href":"https:\/\/eurocontainerslf.com\/de\/wp-json\/wp\/v2\/product"}],"about":[{"href":"https:\/\/eurocontainerslf.com\/de\/wp-json\/wp\/v2\/types\/product"}],"wp:featuredmedia":[{"embeddable":true,"href":"https:\/\/eurocontainerslf.com\/de\/wp-json\/wp\/v2\/media\/13008"}],"wp:attachment":[{"href":"https:\/\/eurocontainerslf.com\/de\/wp-json\/wp\/v2\/media?parent=17739"}],"wp:term":[{"taxonomy":"product_brand","embeddable":true,"href":"https:\/\/eurocontainerslf.com\/de\/wp-json\/wp\/v2\/product_brand?post=17739"},{"taxonomy":"product_cat","embeddable":true,"href":"https:\/\/eurocontainerslf.com\/de\/wp-json\/wp\/v2\/product_cat?post=17739"},{"taxonomy":"product_tag","embeddable":true,"href":"https:\/\/eurocontainerslf.com\/de\/wp-json\/wp\/v2\/product_tag?post=17739"}],"curies":[{"name":"wp","href":"https:\/\/api.w.org\/{rel}","templated":true}]}}