{"id":17737,"date":"2026-02-27T10:08:57","date_gmt":"2026-02-27T09:08:57","guid":{"rendered":"https:\/\/eurocontainerslf.com\/?post_type=product&#038;p=17737"},"modified":"2026-04-09T13:58:35","modified_gmt":"2026-04-09T11:58:35","slug":"sella-liscia","status":"publish","type":"product","link":"https:\/\/eurocontainerslf.com\/de\/produkt\/sella-liscia\/","title":{"rendered":"Glatter Sattel"},"content":{"rendered":"<p>Produkt, das die Demontage anderer Gegenst\u00e4nde (Tanks, Siebe usw.) erm\u00f6glicht.<\/p>\n<p>Erh\u00e4ltlich in verschiedenen Gr\u00f6\u00dfen, je nach Verf\u00fcgbarkeit.<\/p>","protected":false},"excerpt":{"rendered":"<p>Prodotto che rende scarrabile qualsiasi altro articolo (cisterne, vagli, ecc.) Disponibile in varie misure in base ai mezzi a disposizione.<\/p>","protected":false},"featured_media":12995,"template":"","meta":{"inline_featured_image":false},"product_brand":[],"product_cat":[229,243],"product_tag":[24],"class_list":{"0":"post-17737","1":"product","2":"type-product","3":"status-publish","4":"has-post-thumbnail","6":"product_cat-attrezzature-speciali-e-su-misura-prodotti","7":"product_cat-selle-prodotti","8":"product_tag-offers","9":"hentry","11":"first","12":"instock","13":"shipping-taxable","14":"product-type-simple"},"_links":{"self":[{"href":"https:\/\/eurocontainerslf.com\/de\/wp-json\/wp\/v2\/product\/17737","targetHints":{"allow":["GET"]}}],"collection":[{"href":"https:\/\/eurocontainerslf.com\/de\/wp-json\/wp\/v2\/product"}],"about":[{"href":"https:\/\/eurocontainerslf.com\/de\/wp-json\/wp\/v2\/types\/product"}],"wp:featuredmedia":[{"embeddable":true,"href":"https:\/\/eurocontainerslf.com\/de\/wp-json\/wp\/v2\/media\/12995"}],"wp:attachment":[{"href":"https:\/\/eurocontainerslf.com\/de\/wp-json\/wp\/v2\/media?parent=17737"}],"wp:term":[{"taxonomy":"product_brand","embeddable":true,"href":"https:\/\/eurocontainerslf.com\/de\/wp-json\/wp\/v2\/product_brand?post=17737"},{"taxonomy":"product_cat","embeddable":true,"href":"https:\/\/eurocontainerslf.com\/de\/wp-json\/wp\/v2\/product_cat?post=17737"},{"taxonomy":"product_tag","embeddable":true,"href":"https:\/\/eurocontainerslf.com\/de\/wp-json\/wp\/v2\/product_tag?post=17737"}],"curies":[{"name":"wp","href":"https:\/\/api.w.org\/{rel}","templated":true}]}}