{"id":17734,"date":"2026-02-27T10:08:57","date_gmt":"2026-02-27T09:08:57","guid":{"rendered":"https:\/\/eurocontainerslf.com\/?post_type=product&#038;p=17734"},"modified":"2026-03-27T15:06:18","modified_gmt":"2026-03-27T14:06:18","slug":"containers-centinati","status":"publish","type":"product","link":"https:\/\/eurocontainerslf.com\/de\/produkt\/containers-centinati\/","title":{"rendered":"Curtainsider-Container"},"content":{"rendered":"<p>Warenaufbewahrungsl\u00f6sung mit vielf\u00e4ltigem Zubeh\u00f6r:<\/p>\n<ul>\n<li>Aluminiumseiten in verschiedenen Gr\u00f6\u00dfen;<\/li>\n<li>verschiebbare Seitenw\u00e4nde;<\/li>\n<li>hintere Blechabdeckung oder T\u00fcren;<\/li>\n<li>Dach aus Blech oder Plane;<\/li>\n<li>mit hydraulischer Plattform<\/li>\n<\/ul>","protected":false},"excerpt":{"rendered":"<p>Soluzione per lo stoccaggio di merci con variet\u00e0 di accessori: sponde in alluminio di varie misure; teli laterali scorrevoli; telo posteriore o porte in lamiera; tetto in lamiera o telo; con pedana idraulica<\/p>","protected":false},"featured_media":12976,"template":"","meta":{"inline_featured_image":false},"product_brand":[],"product_cat":[225],"product_tag":[24],"class_list":{"0":"post-17734","1":"product","2":"type-product","3":"status-publish","4":"has-post-thumbnail","6":"product_cat-prodotti","7":"product_tag-offers","8":"hentry","10":"first","11":"instock","12":"shipping-taxable","13":"product-type-simple"},"_links":{"self":[{"href":"https:\/\/eurocontainerslf.com\/de\/wp-json\/wp\/v2\/product\/17734","targetHints":{"allow":["GET"]}}],"collection":[{"href":"https:\/\/eurocontainerslf.com\/de\/wp-json\/wp\/v2\/product"}],"about":[{"href":"https:\/\/eurocontainerslf.com\/de\/wp-json\/wp\/v2\/types\/product"}],"wp:featuredmedia":[{"embeddable":true,"href":"https:\/\/eurocontainerslf.com\/de\/wp-json\/wp\/v2\/media\/12976"}],"wp:attachment":[{"href":"https:\/\/eurocontainerslf.com\/de\/wp-json\/wp\/v2\/media?parent=17734"}],"wp:term":[{"taxonomy":"product_brand","embeddable":true,"href":"https:\/\/eurocontainerslf.com\/de\/wp-json\/wp\/v2\/product_brand?post=17734"},{"taxonomy":"product_cat","embeddable":true,"href":"https:\/\/eurocontainerslf.com\/de\/wp-json\/wp\/v2\/product_cat?post=17734"},{"taxonomy":"product_tag","embeddable":true,"href":"https:\/\/eurocontainerslf.com\/de\/wp-json\/wp\/v2\/product_tag?post=17734"}],"curies":[{"name":"wp","href":"https:\/\/api.w.org\/{rel}","templated":true}]}}