{"id":17730,"date":"2026-02-27T10:08:56","date_gmt":"2026-02-27T09:08:56","guid":{"rendered":"https:\/\/eurocontainerslf.com\/?post_type=product&#038;p=17730"},"modified":"2026-03-30T11:23:13","modified_gmt":"2026-03-30T09:23:13","slug":"passerella-scarrabile","status":"publish","type":"product","link":"https:\/\/eurocontainerslf.com\/de\/produkt\/passerella-scarrabile\/","title":{"rendered":"Kufenmontierter Steg"},"content":{"rendered":"","protected":false},"excerpt":{"rendered":"<p>Eine abrollbare Metallplattform, ideal f\u00fcr den sicheren Zugang zu Containeroberseiten. Ihre robuste Konstruktion verf\u00fcgt \u00fcber komfortable, rutschfeste Stufen, Absperrungen und Gel\u00e4nder sowie einen gro\u00dfen Laufsteg, der gleichzeitig als praktische Arbeitsfl\u00e4che dient und es den Bedienern erm\u00f6glicht, die Containerkapazit\u00e4t optimal auszunutzen.<\/p>\n<p>Die von LOCATELLI EUROCONTAINERS angebotenen PLATFORM ROLL-ON SYSTEM-Plattformen sind sofort einsatzbereit.<br \/>\nDiese Ger\u00e4te sind einfach und sofort einsatzbereit und k\u00f6nnen eine Vielzahl von Situationen auf sehr wirtschaftliche Weise l\u00f6sen.<\/p>\n<p>Selbstverst\u00e4ndlich k\u00f6nnen Form, Gr\u00f6\u00dfe und Ausstattung individuell an Ihre Bed\u00fcrfnisse angepasst und konfiguriert werden.<\/p>","protected":false},"featured_media":12868,"template":"","meta":{"inline_featured_image":false},"product_brand":[],"product_cat":[229],"product_tag":[],"class_list":{"0":"post-17730","1":"product","2":"type-product","3":"status-publish","4":"has-post-thumbnail","6":"product_cat-attrezzature-speciali-e-su-misura-prodotti","7":"hentry","9":"first","10":"instock","11":"shipping-taxable","12":"product-type-simple"},"_links":{"self":[{"href":"https:\/\/eurocontainerslf.com\/de\/wp-json\/wp\/v2\/product\/17730","targetHints":{"allow":["GET"]}}],"collection":[{"href":"https:\/\/eurocontainerslf.com\/de\/wp-json\/wp\/v2\/product"}],"about":[{"href":"https:\/\/eurocontainerslf.com\/de\/wp-json\/wp\/v2\/types\/product"}],"wp:featuredmedia":[{"embeddable":true,"href":"https:\/\/eurocontainerslf.com\/de\/wp-json\/wp\/v2\/media\/12868"}],"wp:attachment":[{"href":"https:\/\/eurocontainerslf.com\/de\/wp-json\/wp\/v2\/media?parent=17730"}],"wp:term":[{"taxonomy":"product_brand","embeddable":true,"href":"https:\/\/eurocontainerslf.com\/de\/wp-json\/wp\/v2\/product_brand?post=17730"},{"taxonomy":"product_cat","embeddable":true,"href":"https:\/\/eurocontainerslf.com\/de\/wp-json\/wp\/v2\/product_cat?post=17730"},{"taxonomy":"product_tag","embeddable":true,"href":"https:\/\/eurocontainerslf.com\/de\/wp-json\/wp\/v2\/product_tag?post=17730"}],"curies":[{"name":"wp","href":"https:\/\/api.w.org\/{rel}","templated":true}]}}