{"id":17708,"date":"2026-02-27T10:08:54","date_gmt":"2026-02-27T09:08:54","guid":{"rendered":"https:\/\/eurocontainerslf.com\/?post_type=product&#038;p=17708"},"modified":"2026-02-27T10:09:03","modified_gmt":"2026-02-27T09:09:03","slug":"minicompattatori","status":"publish","type":"product","link":"https:\/\/eurocontainerslf.com\/de\/produkt\/minicompattatori\/","title":{"rendered":"Mini-Verdichter"},"content":{"rendered":"<h3>Optionen<\/h3>\n<table class=\"gray-table-lc-sx\" width=\"100%\" cellspacing=\"1\" cellpadding=\"2\">\n<tbody>\n<tr>\n<td valign=\"middle\" width=\"170\">Schalldicht<\/td>\n<td>Mit einer Ger\u00e4uschreduzierung von bis zu 64 dB.<\/td>\n<\/tr>\n<tr>\n<td>Dieselkraft<\/td>\n<td>Mit Motorbedienfeld.<\/td>\n<\/tr>\n<tr>\n<td>Fahrzeugstromversorgung<\/td>\n<td>24-V-Gleichstromversorgung und Hydrauliksystem mit Schnellkupplungen am LKW.<\/td>\n<\/tr>\n<\/tbody>\n<\/table>","protected":false},"excerpt":{"rendered":"<p>LOCATELLI EUROCONTAINERS bietet mit der M-DCS \u201cMini Drawer Compacting System\u201d-Linie und der M-PCS \u201cMini Paddle Compacting System\u201d-Linie ein Verdichtungssystem, das ideal f\u00fcr kleine R\u00e4ume und unterirdische \u00f6kologische Inseln geeignet ist.<\/p>\n<p>Diese Mini-Verdichter sind f\u00fcr den Einsatz mit Fahrzeugen des Typs DAILY ausgelegt, f\u00fcr die kein F\u00fchrerschein der Klasse C erforderlich ist.<\/p>\n<p>Geometrie und Design spiegeln die h\u00f6herwertigen Modelle wider, von denen sie abgeleitet sind, wobei die robuste Konstruktion aus hochwertigen Materialien und Komponenten beibehalten wird.<\/p>","protected":false},"featured_media":12836,"template":"","meta":{"inline_featured_image":false},"product_brand":[],"product_cat":[228],"product_tag":[24],"class_list":{"0":"post-17708","1":"product","2":"type-product","3":"status-publish","4":"has-post-thumbnail","6":"product_cat-compattatori-presse-prodotti","7":"product_tag-offers","8":"hentry","10":"first","11":"instock","12":"shipping-taxable","13":"product-type-simple"},"_links":{"self":[{"href":"https:\/\/eurocontainerslf.com\/de\/wp-json\/wp\/v2\/product\/17708","targetHints":{"allow":["GET"]}}],"collection":[{"href":"https:\/\/eurocontainerslf.com\/de\/wp-json\/wp\/v2\/product"}],"about":[{"href":"https:\/\/eurocontainerslf.com\/de\/wp-json\/wp\/v2\/types\/product"}],"wp:featuredmedia":[{"embeddable":true,"href":"https:\/\/eurocontainerslf.com\/de\/wp-json\/wp\/v2\/media\/12836"}],"wp:attachment":[{"href":"https:\/\/eurocontainerslf.com\/de\/wp-json\/wp\/v2\/media?parent=17708"}],"wp:term":[{"taxonomy":"product_brand","embeddable":true,"href":"https:\/\/eurocontainerslf.com\/de\/wp-json\/wp\/v2\/product_brand?post=17708"},{"taxonomy":"product_cat","embeddable":true,"href":"https:\/\/eurocontainerslf.com\/de\/wp-json\/wp\/v2\/product_cat?post=17708"},{"taxonomy":"product_tag","embeddable":true,"href":"https:\/\/eurocontainerslf.com\/de\/wp-json\/wp\/v2\/product_tag?post=17708"}],"curies":[{"name":"wp","href":"https:\/\/api.w.org\/{rel}","templated":true}]}}