{"id":17690,"date":"2026-02-27T10:08:53","date_gmt":"2026-02-27T09:08:53","guid":{"rendered":"https:\/\/eurocontainerslf.com\/?post_type=product&#038;p=17690"},"modified":"2026-03-27T15:49:28","modified_gmt":"2026-03-27T14:49:28","slug":"containers-per-raccolta-differenziata","status":"publish","type":"product","link":"https:\/\/eurocontainerslf.com\/de\/produkt\/containers-per-raccolta-differenziata\/","title":{"rendered":"Beh\u00e4lter f\u00fcr die getrennte Abfallsammlung"},"content":{"rendered":"<h1>Abrollcontainer f\u00fcr die Abfallsortierung<\/h1>\n<h2>Breites Sortiment an Beh\u00e4ltern f\u00fcr die getrennte Abfallsammlung<\/h2>\n<p><strong>Locatelli Eurocontainers<\/strong> produziert Spezialprodukte <strong>Beh\u00e4lter zur getrennten Abfallsammlung<\/strong>, bereits in F\u00e4cher unterteilt, um verschiedene Abfallarten aufzunehmen.<\/p>\n<p>Jeder Recyclingbeh\u00e4lter kann hinsichtlich Farbe und Anzahl der F\u00e4cher individuell gestaltet werden. Es gibt keinen festgelegten Standard f\u00fcr dieses Modell, aber einige Elemente k\u00f6nnen hinzugef\u00fcgt werden, wie zum Beispiel:<\/p>\n<ul>\n<li>Seitliche Plattform f\u00fcr einfachen Zugang zur Abfallentsorgungsklappe<\/li>\n<li>Stahl- oder Kunststoffabdeckung<\/li>\n<li>Anwendung verschiedener Dacharten<\/li>\n<li>Interne Unterteilung in separate Bereiche mit Fenstern zur Abfallentsorgung.<\/li>\n<\/ul>\n<p>Alle weiteren Anpassungsw\u00fcnsche werden von unserem technischen B\u00fcro bearbeitet und verwaltet, um deren Umsetzung zu bewerten.<\/p>\n<p>Da diese Container in erster Linie f\u00fcr den Einsatz im urbanen Raum konzipiert sind, werden h\u00e4ufig individuelle Anpassungen vorgenommen, um den Container selbst \u00e4sthetisch ansprechender zu gestalten.<\/p>\n<h2>Abf\u00e4lle, die in Beh\u00e4ltern zur Wiederverwertung gelagert werden k\u00f6nnen.<\/h2>\n<p>Wie bereits im vorhergehenden Absatz angedeutet, gibt es keine Standardtypologie von <strong>Muldenkipper<\/strong> f\u00fcr die Lagerung von getrennt gesammelten Abf\u00e4llen, aber jede Institution, Gemeinde oder Firma kann die Erstellung von individuellen L\u00f6sungen anfordern.<\/p>\n<p>Die von uns angebotenen Hauptabfalltrennsysteme umfassen typischerweise:<\/p>\n<ul>\n<li>Organische Abf\u00e4lle<\/li>\n<li>Papier und Karton<\/li>\n<li>Glas<\/li>\n<li>Plastik<\/li>\n<li>Aluminium<\/li>\n<li>Undifferenziert\/gemischt\/trocken<\/li>\n<\/ul>\n<p><a class=\"elementor-button-link elementor-button elementor-size-sm elementor-animation-bounce-in\" role=\"button\" href=\"https:\/\/eurocontainerslf.com\/de\/richiesta-preventivo\/\"><span class=\"elementor-button-content-wrapper\"><span class=\"elementor-button-text\">ANGEBOT ANFORDERN<\/span><\/span><\/a><\/p>","protected":false},"excerpt":{"rendered":"<p>Container scarrabili per raccolta differenziata dei rifiuti Vasta gamma di cassoni per la raccolta differenziata Locatelli Eurocontainers produce appositi containers per la raccolta dei rifiuti differenziata, gi\u00e0 suddivisi in scomparti per accogliere rifiuti di diversa natura. Ogni cassone per la differenziata, potr\u00e0 essere personalizzato sia nei colori che nel numero di comparti. Non esiste infatti un vero e proprio standard per questo modello, ma vi&#8230; <\/p>\n<p class=\"more\"><a class=\"more-link\" href=\"https:\/\/eurocontainerslf.com\/de\/produkt\/containers-per-raccolta-differenziata\/\">Read More<\/a><\/p>","protected":false},"featured_media":12812,"template":"","meta":{"inline_featured_image":false},"product_brand":[],"product_cat":[227,225],"product_tag":[27,28,34,29,24],"class_list":{"0":"post-17690","1":"product","2":"type-product","3":"status-publish","4":"has-post-thumbnail","6":"product_cat-container-scarrabili-prodotti","7":"product_cat-prodotti","8":"product_tag-container","9":"product_tag-container-scarrabili-nuovi","10":"product_tag-differenziata","11":"product_tag-nuovo","12":"product_tag-offers","13":"hentry","15":"first","16":"instock","17":"shipping-taxable","18":"product-type-simple"},"_links":{"self":[{"href":"https:\/\/eurocontainerslf.com\/de\/wp-json\/wp\/v2\/product\/17690","targetHints":{"allow":["GET"]}}],"collection":[{"href":"https:\/\/eurocontainerslf.com\/de\/wp-json\/wp\/v2\/product"}],"about":[{"href":"https:\/\/eurocontainerslf.com\/de\/wp-json\/wp\/v2\/types\/product"}],"wp:featuredmedia":[{"embeddable":true,"href":"https:\/\/eurocontainerslf.com\/de\/wp-json\/wp\/v2\/media\/12812"}],"wp:attachment":[{"href":"https:\/\/eurocontainerslf.com\/de\/wp-json\/wp\/v2\/media?parent=17690"}],"wp:term":[{"taxonomy":"product_brand","embeddable":true,"href":"https:\/\/eurocontainerslf.com\/de\/wp-json\/wp\/v2\/product_brand?post=17690"},{"taxonomy":"product_cat","embeddable":true,"href":"https:\/\/eurocontainerslf.com\/de\/wp-json\/wp\/v2\/product_cat?post=17690"},{"taxonomy":"product_tag","embeddable":true,"href":"https:\/\/eurocontainerslf.com\/de\/wp-json\/wp\/v2\/product_tag?post=17690"}],"curies":[{"name":"wp","href":"https:\/\/api.w.org\/{rel}","templated":true}]}}