{"id":17688,"date":"2026-02-27T10:08:53","date_gmt":"2026-02-27T09:08:53","guid":{"rendered":"https:\/\/eurocontainerslf.com\/?post_type=product&#038;p=17688"},"modified":"2026-03-27T15:48:54","modified_gmt":"2026-03-27T14:48:54","slug":"containers-per-materiale-ferroso","status":"publish","type":"product","link":"https:\/\/eurocontainerslf.com\/de\/produkt\/containers-per-materiale-ferroso\/","title":{"rendered":"Beh\u00e4lter f\u00fcr Eisenmaterialien"},"content":{"rendered":"<h1>Abrollcontainer f\u00fcr Eisenmaterialien<\/h1>\n<h2>Breites Sortiment an Beh\u00e4ltern zur Entsorgung von Eisenabf\u00e4llen<\/h2>\n<p><strong>Locatelli Eurocontainers<\/strong> produziert <strong>Beh\u00e4lter f\u00fcr Eisenmaterialien<\/strong>, Diese Abrollcontainer eignen sich zur Lagerung von Eisen, Eisenschrott und schweren Materialien. Sie sind sowohl hinsichtlich Boden- und Wandst\u00e4rke als auch an den Seiten, T\u00fcren und im Hakenbereich verst\u00e4rkt. Zu den \u00fcblicherweise verwendeten Verst\u00e4rkungen geh\u00f6ren seitliche Verst\u00e4rkungsstreifen, die ein Ausbeulen w\u00e4hrend des Gebrauchs verhindern, doppelte Pfosten an den hinteren T\u00fcrpfosten f\u00fcr erh\u00f6hte Stabilit\u00e4t und ein verst\u00e4rkter Hakenbereich, der den h\u00f6heren Belastungen beim Handling des Containers standh\u00e4lt. Jede Verst\u00e4rkungsart kann individuell an die Bed\u00fcrfnisse des Endnutzers angepasst werden.<\/p>\n<p>Es ist auch m\u00f6glich, eine Anfrage zu stellen. <strong>\u201cT\u00e4gliche\u201d Beh\u00e4lter f\u00fcr Eisenwerkstoffe\u201d<\/strong>.<\/p>\n<h2>Abf\u00e4lle, die in Beh\u00e4ltern f\u00fcr Eisenmaterialien gelagert werden k\u00f6nnen<\/h2>\n<p>I <strong>Abrollcontainer f\u00fcr Eisenmaterialien <\/strong>Sie sind nicht nur f\u00fcr die Lagerung von Metallschrott konzipiert, sondern k\u00f6nnen auch zur Aufnahme anderer gro\u00dfformatiger Abf\u00e4lle verwendet werden.<\/p>\n<p>Daher ist es gem\u00e4\u00df den geltenden Vorschriften m\u00f6glich, in diesem Containertyp Folgendes zu lagern:<\/p>\n<ul>\n<li>Eisen- und Stahlschrott<\/li>\n<li>Metallisches Material<\/li>\n<li>Sperrm\u00fcll<\/li>\n<li>Holz<\/li>\n<li>Glas<\/li>\n<li>Elektro- und Elektronikaltger\u00e4te (WEEE)<\/li>\n<\/ul>\n<p>Falls die Spanplatten \u00d6l oder \u00e4hnliche Abf\u00e4lle enthalten, kann der Beh\u00e4lter mit geeigneten r\u00fcckseitigen Dichtungen ausgestattet werden, um das Auslaufen von Fl\u00fcssigkeiten zu verhindern, sowie mit Ventilen zur R\u00fcckgewinnung dieser Fl\u00fcssigkeiten.<\/p>\n<p>&nbsp;<\/p>\n<p><a class=\"elementor-button-link elementor-button elementor-size-sm elementor-animation-bounce-in\" role=\"button\" href=\"https:\/\/eurocontainerslf.com\/de\/richiesta-preventivo\/\"><span class=\"elementor-button-content-wrapper\"><span class=\"elementor-button-text\">ANGEBOT ANFORDERN<\/span><\/span><\/a><\/p>\n<h3>Ma\u00dfnahmen<\/h3>\n<table class=\"gray-table-lc-cc\" border=\"1\" width=\"665\" cellspacing=\"1\" cellpadding=\"2\">\n<tbody>\n<tr>\n<td valign=\"middle\" width=\"8\"><b>VOLUMEN (m\u00b3) <\/b><\/td>\n<td width=\"100\"><b>\u00c4USSERE L\u00c4NGE MIT HAKEN (m)<\/b><\/td>\n<td>\u00a0<b>\u00c4USSERE BREITE (m)<\/b><\/td>\n<td><b>INNENH\u00d6HE (m) <\/b><\/td>\n<\/tr>\n<tr>\n<td>\u00a020<\/td>\n<td>\u00a05,70<\/td>\n<td>\u00a0 2,50<\/td>\n<td>\u00a01,55<\/td>\n<\/tr>\n<tr>\n<td>\u00a025<\/td>\n<td>\u00a05,70<\/td>\n<td>\u00a0 2,50<\/td>\n<td>\u00a02,00<\/td>\n<\/tr>\n<tr>\n<td>\u00a027<\/td>\n<td>\u00a05,90<\/td>\n<td>\u00a0 2,50<\/td>\n<td>\u00a02,00<\/td>\n<\/tr>\n<tr>\n<td>\u00a030<\/td>\n<td>\u00a06,25<\/td>\n<td>\u00a0 2,50<\/td>\n<td>\u00a02,15<\/td>\n<\/tr>\n<tr>\n<td>\u00a035<\/td>\n<td>\u00a07,20<\/td>\n<td>\u00a0 2,50<\/td>\n<td>\u00a02,20<\/td>\n<\/tr>\n<\/tbody>\n<\/table>\n<h3>Messungen f\u00fcr den t\u00e4glichen<\/h3>\n<table class=\"gray-table-lc-cc\" border=\"1\" width=\"550\" cellspacing=\"1\" cellpadding=\"2\">\n<tbody>\n<tr>\n<td width=\"100\"><b>\u00c4USSERE L\u00c4NGE MIT HAKEN (m)<\/b><\/td>\n<td>\u00a0<b>\u00c4USSERE BREITE (m)<\/b><\/td>\n<td><b>INNENH\u00d6HE (m) <\/b><\/td>\n<\/tr>\n<tr>\n<td>von 3,00 bis 3,80<\/td>\n<td>\u00a02,00<\/td>\n<td>\u00a00,60<\/td>\n<\/tr>\n<tr>\n<td>von 3,00 bis 3,80<\/td>\n<td>\u00a02,00<\/td>\n<td>\u00a01,00<\/td>\n<\/tr>\n<tr>\n<td>von 3,00 bis 3,80<\/td>\n<td>\u00a0 2,00<\/td>\n<td>\u00a01,35<\/td>\n<\/tr>\n<tr>\n<td>von 3,00 bis 3,80<\/td>\n<td>\u00a02,00<\/td>\n<td>\u00a01,55<\/td>\n<\/tr>\n<\/tbody>\n<\/table>\n<p>*Locatelli Eurocontainers baut ma\u00dfgeschneiderte Abrollcontainer!<i><b><\/b><\/i><\/p>\n<h3>Optionen<\/h3>\n<table class=\"gray-table-lc-sx\" border=\"1\" width=\"100%\" cellspacing=\"1\" cellpadding=\"2\">\n<tbody>\n<tr>\n<td valign=\"middle\" width=\"150\">Boden- und Wandplatten<\/td>\n<td>Dicke 5 mm (<b>Standard 4 mm)<\/b><br \/>\nT\u00e4glich: Dicke ab 3 (<b>Standard 2 mm<\/b>)<\/td>\n<\/tr>\n<\/tbody>\n<\/table>","protected":false},"excerpt":{"rendered":"<p>Wird zur Entsorgung von Eisen, Eisenschrott und schweren Materialien verwendet.<\/p>","protected":false},"featured_media":12803,"template":"","meta":{"inline_featured_image":false},"product_brand":[],"product_cat":[227,225],"product_tag":[27,28,32,29],"class_list":{"0":"post-17688","1":"product","2":"type-product","3":"status-publish","4":"has-post-thumbnail","6":"product_cat-container-scarrabili-prodotti","7":"product_cat-prodotti","8":"product_tag-container","9":"product_tag-container-scarrabili-nuovi","10":"product_tag-ferro","11":"product_tag-nuovo","12":"hentry","14":"first","15":"instock","16":"shipping-taxable","17":"product-type-simple"},"_links":{"self":[{"href":"https:\/\/eurocontainerslf.com\/de\/wp-json\/wp\/v2\/product\/17688","targetHints":{"allow":["GET"]}}],"collection":[{"href":"https:\/\/eurocontainerslf.com\/de\/wp-json\/wp\/v2\/product"}],"about":[{"href":"https:\/\/eurocontainerslf.com\/de\/wp-json\/wp\/v2\/types\/product"}],"wp:featuredmedia":[{"embeddable":true,"href":"https:\/\/eurocontainerslf.com\/de\/wp-json\/wp\/v2\/media\/12803"}],"wp:attachment":[{"href":"https:\/\/eurocontainerslf.com\/de\/wp-json\/wp\/v2\/media?parent=17688"}],"wp:term":[{"taxonomy":"product_brand","embeddable":true,"href":"https:\/\/eurocontainerslf.com\/de\/wp-json\/wp\/v2\/product_brand?post=17688"},{"taxonomy":"product_cat","embeddable":true,"href":"https:\/\/eurocontainerslf.com\/de\/wp-json\/wp\/v2\/product_cat?post=17688"},{"taxonomy":"product_tag","embeddable":true,"href":"https:\/\/eurocontainerslf.com\/de\/wp-json\/wp\/v2\/product_tag?post=17688"}],"curies":[{"name":"wp","href":"https:\/\/api.w.org\/{rel}","templated":true}]}}