{"id":17687,"date":"2026-02-27T10:08:53","date_gmt":"2026-02-27T09:08:53","guid":{"rendered":"https:\/\/eurocontainerslf.com\/?post_type=product&#038;p=17687"},"modified":"2026-03-27T15:48:36","modified_gmt":"2026-03-27T14:48:36","slug":"containers-per-materiale-fangoso","status":"publish","type":"product","link":"https:\/\/eurocontainerslf.com\/de\/produkt\/containers-per-materiale-fangoso\/","title":{"rendered":"Beh\u00e4lter f\u00fcr schlammiges Material"},"content":{"rendered":"<h1>Abrollcontainer f\u00fcr Kl\u00e4rschlamm<\/h1>\n<h2>Breites Sortiment an Beh\u00e4ltern zur Entsorgung von Schlammmaterial<\/h2>\n<p><strong>Locatelli Eurocontainers<\/strong> spezialisiert auf die Produktion von <strong>Abrollcontainer f\u00fcr Kl\u00e4rschlamm<\/strong>, geeignet zur Lagerung von schlammigem Abfallmaterial.<\/p>\n<p>Diese speziellen Beh\u00e4lter f\u00fcr Kl\u00e4rschlamm sind wasserdicht und eignen sich zur Aufnahme von Kl\u00e4rschlamm jeder Art.<\/p>\n<p>Die Beh\u00e4lter f\u00fcr diese Abfallart sind standardm\u00e4\u00dfig mit einer Schwingt\u00fcr ausgestattet, k\u00f6nnen aber auf Anfrage auch mit einer Doppelschwing-\/Klappen\u00f6ffnung versehen werden. F\u00fcr spezielle Kl\u00e4ranlagen sind weitere Anpassungsm\u00f6glichkeiten verf\u00fcgbar, beispielsweise feststehende Deckel mit Fallt\u00fcren zur Schlammableitung in den Beh\u00e4lter.<\/p>\n<h3>Ma\u00dfnahmen<\/h3>\n<table class=\"gray-table-lc-cc\" border=\"1\" width=\"665\" cellspacing=\"1\" cellpadding=\"2\">\n<tbody>\n<tr>\n<td valign=\"middle\" width=\"8\"><b>VOLUMEN (m\u00b3) <\/b><\/td>\n<td width=\"100\"><b>\u00c4USSERE L\u00c4NGE MIT HAKEN (m)<\/b><\/td>\n<td>\u00a0<b>\u00c4USSERE BREITE (m)<\/b><\/td>\n<td><b>INNENH\u00d6HE (m) <\/b><\/td>\n<\/tr>\n<tr>\n<td>10<\/td>\n<td>5,20<\/td>\n<td>\u00a02,50<\/td>\n<td>\u00a00,90<\/td>\n<\/tr>\n<tr>\n<td>15<\/td>\n<td>5,70<\/td>\n<td>\u00a02,50<\/td>\n<td>\u00a01,20<\/td>\n<\/tr>\n<tr>\n<td>\u00a017<\/td>\n<td>\u00a05,70<\/td>\n<td>\u00a0 2,50<\/td>\n<td>\u00a01,35<\/td>\n<\/tr>\n<tr>\n<td>\u00a020<\/td>\n<td>\u00a05,70<\/td>\n<td>\u00a0 2,50<\/td>\n<td>\u00a01,55<\/td>\n<\/tr>\n<\/tbody>\n<\/table>\n<h3>Messungen f\u00fcr den t\u00e4glichen<\/h3>\n<table class=\"gray-table-lc-cc\" border=\"1\" width=\"550\" cellspacing=\"1\" cellpadding=\"2\">\n<tbody>\n<tr>\n<td width=\"100\"><b>\u00c4USSERE L\u00c4NGE MIT HAKEN (m)<\/b><\/td>\n<td>\u00a0<b>\u00c4USSERE BREITE (m)<\/b><\/td>\n<td><b>INNENH\u00d6HE (m) <\/b><\/td>\n<\/tr>\n<tr>\n<td>von 3,00 bis 3,80<\/td>\n<td>\u00a02,00<\/td>\n<td>\u00a00,60<\/td>\n<\/tr>\n<tr>\n<td>von 3,00 bis 3,80<\/td>\n<td>\u00a02,00<\/td>\n<td>\u00a01,00<\/td>\n<\/tr>\n<tr>\n<td>von 3,00 bis 3,80<\/td>\n<td>\u00a0 2,00<\/td>\n<td>\u00a01,35<\/td>\n<\/tr>\n<tr>\n<td>von 3,00 bis 3,80<\/td>\n<td>\u00a02,00<\/td>\n<td>\u00a01,55<\/td>\n<\/tr>\n<\/tbody>\n<\/table>\n<p>*Locatelli Eurocontainers baut ma\u00dfgeschneiderte Abrollcontainer!<\/p>\n<h3>Optionen<\/h3>\n<table class=\"gray-table-lc-sx\" border=\"1\" width=\"100%\" cellspacing=\"1\" cellpadding=\"2\">\n<tbody>\n<tr>\n<td valign=\"middle\" width=\"150\">Boden- und Wandplatten<\/td>\n<td>Dicke 4\/5 mm (<b>Standard 3 mm)<\/b><br \/>\nT\u00e4glich: Dicke ab 3 (<b>Standard 2 mm<\/b>)<\/td>\n<\/tr>\n<\/tbody>\n<\/table>\n<h2>Abf\u00e4lle, die in Abrollcontainern f\u00fcr Kl\u00e4rschlamm gelagert werden k\u00f6nnen<\/h2>\n<p>I <strong>Abrollcontainer zur Lagerung von Kl\u00e4rschlamm <\/strong>kann enthalten:<\/p>\n<ul>\n<li>Prim\u00e4rschlamm besteht aus festen organischen Substanzen, die sich durch Sedimentation vom Abwasser abtrennen und rasch abgebaut werden, wobei Biogas entsteht. Dieser Schlamm wird keiner weiteren Behandlung unterzogen und besteht zu etwa 961 % aus Fl\u00fcssigkeit und dem restlichen Feststoff.<\/li>\n<li>Sekund\u00e4rschlamm (auch als aktiver oder biologischer Schlamm bezeichnet), reich an Eisen und Stickstoff, entsteht aus biologischen Oxidationsprozessen.<\/li>\n<li>Chemischer Schlamm, das Ergebnis von Kl\u00e4r- und Flockungsprozessen, denen Abw\u00e4sser aus W\u00e4schereien, Waschanlagen, Reinigungsbetrieben und \u00e4hnlichen Einrichtungen unterzogen werden<\/li>\n<\/ul>\n<p>Um die Bleche von Abrollcontainern f\u00fcr Kl\u00e4rschlamm l\u00e4nger zu erhalten, k\u00f6nnen Innen- und Au\u00dfenbeschichtungen in Betracht gezogen werden, um die Lebensdauer des Produkts zu verl\u00e4ngern.<\/p>\n<p><a class=\"elementor-button-link elementor-button elementor-size-sm elementor-animation-bounce-in\" role=\"button\" href=\"https:\/\/eurocontainerslf.com\/de\/richiesta-preventivo\/\"><span class=\"elementor-button-content-wrapper\"><span class=\"elementor-button-text\">ANGEBOT ANFORDERN<\/span><\/span><\/a><\/p>\n<p>&nbsp;<\/p>","protected":false},"excerpt":{"rendered":"<p>Wasserdicht, geeignet zur Entsorgung von Schlamm jeglicher Art.<\/p>","protected":false},"featured_media":12798,"template":"","meta":{"inline_featured_image":false},"product_brand":[],"product_cat":[227,225],"product_tag":[27,28,31,29],"class_list":{"0":"post-17687","1":"product","2":"type-product","3":"status-publish","4":"has-post-thumbnail","6":"product_cat-container-scarrabili-prodotti","7":"product_cat-prodotti","8":"product_tag-container","9":"product_tag-container-scarrabili-nuovi","10":"product_tag-fanghi","11":"product_tag-nuovo","12":"hentry","14":"first","15":"instock","16":"shipping-taxable","17":"product-type-simple"},"_links":{"self":[{"href":"https:\/\/eurocontainerslf.com\/de\/wp-json\/wp\/v2\/product\/17687","targetHints":{"allow":["GET"]}}],"collection":[{"href":"https:\/\/eurocontainerslf.com\/de\/wp-json\/wp\/v2\/product"}],"about":[{"href":"https:\/\/eurocontainerslf.com\/de\/wp-json\/wp\/v2\/types\/product"}],"wp:featuredmedia":[{"embeddable":true,"href":"https:\/\/eurocontainerslf.com\/de\/wp-json\/wp\/v2\/media\/12798"}],"wp:attachment":[{"href":"https:\/\/eurocontainerslf.com\/de\/wp-json\/wp\/v2\/media?parent=17687"}],"wp:term":[{"taxonomy":"product_brand","embeddable":true,"href":"https:\/\/eurocontainerslf.com\/de\/wp-json\/wp\/v2\/product_brand?post=17687"},{"taxonomy":"product_cat","embeddable":true,"href":"https:\/\/eurocontainerslf.com\/de\/wp-json\/wp\/v2\/product_cat?post=17687"},{"taxonomy":"product_tag","embeddable":true,"href":"https:\/\/eurocontainerslf.com\/de\/wp-json\/wp\/v2\/product_tag?post=17687"}],"curies":[{"name":"wp","href":"https:\/\/api.w.org\/{rel}","templated":true}]}}