{"id":17675,"date":"2026-02-27T10:08:52","date_gmt":"2026-02-27T09:08:52","guid":{"rendered":"https:\/\/eurocontainerslf.com\/?post_type=product&#038;p=17675"},"modified":"2026-04-15T16:04:27","modified_gmt":"2026-04-15T14:04:27","slug":"container-scarrabile-per-assimilabili","status":"publish","type":"product","link":"https:\/\/eurocontainerslf.com\/de\/produkt\/container-scarrabile-per-assimilabili\/","title":{"rendered":"Abrollcontainer f\u00fcr \u00e4hnliche Abf\u00e4lle"},"content":{"rendered":"<h1>Abrollcontainer f\u00fcr \u00e4hnliche Abf\u00e4lle<\/h1>\n<h2>Breites Sortiment an Beh\u00e4ltern zur Entsorgung \u00e4hnlicher Abf\u00e4lle<\/h2>\n<p><strong>Locatelli Eurocontainers<\/strong> produziert die <strong>Abrollcontainer f\u00fcr \u00e4hnliche Gegenst\u00e4nde<\/strong>, zur Entsorgung von Kunststoff-, Papier-, Karton-, Glas-, Holz- und Spanplattenabf\u00e4llen sowie leichten Restabf\u00e4llen.<\/p>\n<p>Diese speziellen Container f\u00fcr \u00e4hnliche Materialien zeichnen sich durch eine leichte, unverst\u00e4rkte Konstruktion aus 3 mm dickem Blech aus. Sie k\u00f6nnen hinsichtlich Blechst\u00e4rke und Verst\u00e4rkungen nach Bedarf individuell angepasst werden. Standardm\u00e4\u00dfig sind Abrollcontainer f\u00fcr diese Materialien ohne Deckel ausgestattet, k\u00f6nnen aber bei Bedarf nachger\u00fcstet werden. Die angebotenen Heckt\u00fcren sind zweifl\u00fcgelig und ungedichtet, der Verschluss kann jedoch an jede verf\u00fcgbare Ausf\u00fchrung angepasst werden.<\/p>\n<p>Es ist auch m\u00f6glich, die <strong>Anpassbarer \u201cT\u00e4glicher\u201d Container f\u00fcr \u00e4hnliche Artikel<\/strong>, Mit kleineren Abmessungen und geeignet f\u00fcr die Montage an kleineren Fahrzeugen. Auch bei diesem Typ bleibt alles wie oben beschrieben individuell anpassbar.<\/p>\n<h2>Abf\u00e4lle, die in Abrollcontainern f\u00fcr \u00e4hnliche Abf\u00e4lle gelagert werden k\u00f6nnen<\/h2>\n<p>Abfall wird wie folgt definiert: <strong>vergleichbar mit st\u00e4dtischen<\/strong> wenn seine Eigenschaften und seine Produktzusammensetzung die R\u00fcckgewinnung und Entsorgung in Anlagen erm\u00f6glichen, die f\u00fcr die Behandlung von Haushaltsabf\u00e4llen ausgelegt sind.<\/p>\n<h2>Gem\u00e4\u00df den Vorschriften und den CER-Entsorgungsrichtlinien ist die Lagerung in den Containern m\u00f6glich.<strong>\u00a0damit folgende Abf\u00e4lle assimiliert werden k\u00f6nnen<\/strong>:<\/h2>\n<p><img fetchpriority=\"high\" decoding=\"async\" class=\"alignnone wp-image-10613 size-full\" src=\"https:\/\/www.eurocontainerslf.it\/wp-content\/uploads\/2021\/12\/cer-1859x.png\" alt=\"\" width=\"1857\" height=\"272\" \/><\/p>\n<h2>Nachfolgend finden Sie eine Beispieltabelle mit Aktivit\u00e4ten, bei denen der Beh\u00e4lter f\u00fcr \u00e4hnliche Abf\u00e4lle verwendet werden kann.<\/h2>\n<p><img decoding=\"async\" class=\"alignnone wp-image-10610 size-full\" src=\"https:\/\/www.eurocontainerslf.it\/wp-content\/uploads\/2021\/12\/tab-attivita-assimilabili.png\" alt=\"\" width=\"1373\" height=\"275\" \/><\/p>\n<div id=\"\" class=\"elementor-element elementor-element-edit-mode elementor-element-10c50fd elementor-element--toggle-edit-tools elementor-column elementor-top-column\" data-id=\"10c50fd\" data-element_type=\"column\" data-col=\"50\" data-model-cid=\"c77\">\n<div class=\"elementor-widget-wrap elementor-element-populated ui-sortable ui-sortable-disabled\">\n<div id=\"\" class=\"elementor-element elementor-element-edit-mode elementor-element-5bc96ec elementor-element--toggle-edit-tools elementor-widget elementor-widget-text-editor\" data-id=\"5bc96ec\" data-element_type=\"widget\" data-model-cid=\"c78\" data-widget_type=\"text-editor.default\">\n<div class=\"elementor-widget-container\">\n<div class=\"elementor-text-editor elementor-clearfix elementor-inline-editing\" data-elementor-setting-key=\"editor\" data-elementor-inline-editing-toolbar=\"advanced\">\n<p>Ma\u00dfnahmen f\u00fcr:\u00a0<strong>Abrollcontainer<\/strong><\/p>\n<\/div>\n<\/div>\n<\/div>\n<div id=\"\" class=\"elementor-element elementor-element-edit-mode elementor-element-031bebb elementor-element--toggle-edit-tools elementor-widget elementor-widget-text-editor\" data-id=\"031bebb\" data-element_type=\"widget\" data-model-cid=\"c81\" data-widget_type=\"text-editor.default\">\n<div class=\"elementor-widget-container\">\n<div class=\"elementor-text-editor elementor-clearfix elementor-inline-editing\" data-elementor-setting-key=\"editor\" data-elementor-inline-editing-toolbar=\"advanced\">\n<table class=\"aligncenter\" width=\"560\" data-reconstraction=\"1\" data-wptb-table-tds-sum-max-width=\"686.55555\" data-wptb-cells-width-auto-count=\"1\" data-wptb-extra-styles=\"LyogRW50ZXIgeW91ciBjdXN0b20gQ1NTIHJ1bGVzIGhlcmUgKi8=\" data-table-columns=\"4\">\n<tbody>\n<tr>\n<td width=\"112\" data-y-index=\"0\" data-x-index=\"0\">VOL (m3)<\/td>\n<td width=\"172\">\u00c4USSERE L\u00c4NGE MIT HAKEN (m)<\/p>\n<p>&nbsp;<\/td>\n<td width=\"150\">\u00c4USSERE BREITE (m)<\/td>\n<td width=\"126\">INNENH\u00d6HE (m)<\/p>\n<p>&nbsp;<\/td>\n<\/tr>\n<tr>\n<td width=\"112\" data-y-index=\"1\" data-x-index=\"0\">10<\/td>\n<td width=\"172\">5.20<\/td>\n<td width=\"150\">2.50<\/td>\n<td width=\"126\">0.90<\/td>\n<\/tr>\n<tr>\n<td width=\"112\" data-y-index=\"2\" data-x-index=\"0\">15<\/td>\n<td width=\"172\">5.70<\/td>\n<td width=\"150\">2.50<\/td>\n<td width=\"126\">1.20<\/td>\n<\/tr>\n<tr>\n<td width=\"112\" data-y-index=\"3\" data-x-index=\"0\">17<\/td>\n<td width=\"172\">5.70<\/td>\n<td width=\"150\">2.50<\/td>\n<td width=\"126\">1.35<\/td>\n<\/tr>\n<tr>\n<td width=\"112\" data-y-index=\"4\" data-x-index=\"0\">20<\/td>\n<td width=\"172\">5.70<\/td>\n<td width=\"150\">2.50<\/td>\n<td width=\"126\">1.55<\/td>\n<\/tr>\n<tr>\n<td width=\"112\" data-y-index=\"5\" data-x-index=\"0\">25<\/td>\n<td width=\"172\">5.70<\/td>\n<td width=\"150\">2.50<\/td>\n<td width=\"126\">2.00<\/td>\n<\/tr>\n<tr>\n<td width=\"112\" data-y-index=\"6\" data-x-index=\"0\">27<\/td>\n<td width=\"172\">5.90<\/td>\n<td width=\"150\">2.50<\/td>\n<td width=\"126\">2.00<\/td>\n<\/tr>\n<tr>\n<td width=\"112\" data-y-index=\"7\" data-x-index=\"0\">30<\/td>\n<td width=\"172\">6.25<\/td>\n<td width=\"150\">2.50<\/td>\n<td width=\"126\">2.15<\/td>\n<\/tr>\n<tr>\n<td width=\"112\" data-x-index=\"0\" data-y-index=\"8\">35<\/td>\n<td width=\"172\">7.20<\/td>\n<td width=\"150\">2.50<\/td>\n<td width=\"126\">2.15<\/td>\n<\/tr>\n<\/tbody>\n<\/table>\n<p>&nbsp;<\/p>\n<\/div>\n<\/div>\n<\/div>\n<\/div>\n<\/div>\n<div id=\"\" class=\"elementor-element elementor-element-edit-mode elementor-element-c5b567f elementor-element--toggle-edit-tools elementor-column elementor-top-column\" data-id=\"c5b567f\" data-element_type=\"column\" data-col=\"50\" data-model-cid=\"c86\">\n<div class=\"elementor-widget-wrap elementor-element-populated ui-sortable ui-sortable-disabled\">\n<div class=\"elementor-background-overlay\"><\/div>\n<div id=\"\" class=\"elementor-element elementor-element-edit-mode elementor-element-f6f88a2 elementor-element--toggle-edit-tools elementor-widget elementor-widget-text-editor\" data-id=\"f6f88a2\" data-element_type=\"widget\" data-model-cid=\"c87\" data-widget_type=\"text-editor.default\">\n<div class=\"elementor-widget-container\">\n<div class=\"elementor-text-editor elementor-clearfix elementor-inline-editing\" data-elementor-setting-key=\"editor\" data-elementor-inline-editing-toolbar=\"advanced\">\n<p>Ma\u00dfnahmen f\u00fcr:\u00a0<strong>T\u00c4GLICHER ROLL-OFF-CONTAINER<\/strong><\/p>\n<\/div>\n<\/div>\n<\/div>\n<div id=\"\" class=\"elementor-element elementor-element-edit-mode elementor-element-00a0075 elementor-element--toggle-edit-tools elementor-widget elementor-widget-text-editor\" data-id=\"00a0075\" data-element_type=\"widget\" data-model-cid=\"c90\" data-widget_type=\"text-editor.default\">\n<div class=\"elementor-widget-container\">\n<div class=\"elementor-text-editor elementor-clearfix elementor-inline-editing\" data-elementor-setting-key=\"editor\" data-elementor-inline-editing-toolbar=\"advanced\">\n<table class=\"aligncenter\" width=\"390\">\n<tbody>\n<tr>\n<td width=\"217\">\u00c4USSERE L\u00c4NGE MIT HAKEN (m)<\/p>\n<p>&nbsp;<\/td>\n<td width=\"172\">\u00a0\u00c4USSERE BREITE (m)<\/td>\n<td width=\"150\">INNENH\u00d6HE (m)<\/td>\n<\/tr>\n<tr>\n<td>von 3,00 bis 3,80<\/td>\n<td>2<\/td>\n<td>0,6<\/p>\n<p>&nbsp;<\/td>\n<\/tr>\n<tr>\n<td>von 3,00 bis 3,80<\/td>\n<td>2<\/td>\n<td>1<\/p>\n<p>&nbsp;<\/td>\n<\/tr>\n<tr>\n<td>von 3,00 bis 3,80<\/td>\n<td>2<\/td>\n<td>1,35<\/p>\n<p>&nbsp;<\/td>\n<\/tr>\n<tr>\n<td>von 3,00 bis 3,80<\/td>\n<td>2<\/td>\n<td>1,55<\/td>\n<\/tr>\n<\/tbody>\n<\/table>\n<\/div>\n<p><a href=\"https:\/\/eurocontainerslf.com\/de\/richiesta-preventivo\/\">Fordern Sie ein Angebot an<\/a><\/p>\n<\/div>\n<\/div>\n<\/div>\n<\/div>\n<h3><\/h3>","protected":false},"excerpt":{"rendered":"<p>Wird zur Entsorgung von Kunststoff, Papier, Pappe, Spanplatten und leichten Restabf\u00e4llen verwendet.<\/p>","protected":false},"featured_media":18380,"template":"","meta":{"inline_featured_image":false},"product_brand":[],"product_cat":[227,225],"product_tag":[26,27,28,29,24],"class_list":{"0":"post-17675","1":"product","2":"type-product","3":"status-publish","4":"has-post-thumbnail","6":"product_cat-container-scarrabili-prodotti","7":"product_cat-prodotti","8":"product_tag-assimilabili","9":"product_tag-container","10":"product_tag-container-scarrabili-nuovi","11":"product_tag-nuovo","12":"product_tag-offers","13":"hentry","15":"first","16":"instock","17":"shipping-taxable","18":"product-type-simple"},"_links":{"self":[{"href":"https:\/\/eurocontainerslf.com\/de\/wp-json\/wp\/v2\/product\/17675","targetHints":{"allow":["GET"]}}],"collection":[{"href":"https:\/\/eurocontainerslf.com\/de\/wp-json\/wp\/v2\/product"}],"about":[{"href":"https:\/\/eurocontainerslf.com\/de\/wp-json\/wp\/v2\/types\/product"}],"wp:featuredmedia":[{"embeddable":true,"href":"https:\/\/eurocontainerslf.com\/de\/wp-json\/wp\/v2\/media\/18380"}],"wp:attachment":[{"href":"https:\/\/eurocontainerslf.com\/de\/wp-json\/wp\/v2\/media?parent=17675"}],"wp:term":[{"taxonomy":"product_brand","embeddable":true,"href":"https:\/\/eurocontainerslf.com\/de\/wp-json\/wp\/v2\/product_brand?post=17675"},{"taxonomy":"product_cat","embeddable":true,"href":"https:\/\/eurocontainerslf.com\/de\/wp-json\/wp\/v2\/product_cat?post=17675"},{"taxonomy":"product_tag","embeddable":true,"href":"https:\/\/eurocontainerslf.com\/de\/wp-json\/wp\/v2\/product_tag?post=17675"}],"curies":[{"name":"wp","href":"https:\/\/api.w.org\/{rel}","templated":true}]}}